{"id":6,"date":"2014-10-01T10:27:42","date_gmt":"2014-10-01T10:27:42","guid":{"rendered":"http:\/\/www.brandexponents.com\/oshin\/v9\/?page_id=5"},"modified":"2019-02-25T09:50:34","modified_gmt":"2019-02-25T08:50:34","slug":"accueil-2","status":"publish","type":"page","link":"https:\/\/www.maisonplurielle-hebergement.be\/","title":{"rendered":"Accueil"},"content":{"rendered":"<div  class=\"tatsu-8267c6ac-d329-4908-b2ad-4d65d5d7d1e0 tatsu-section  tatsu-parallax tatsu-section-offset   tatsu-clearfix\" data-title=\"\"  data-headerscheme=\"background--light\"><div class='tatsu-section-pad clearfix' data-padding='{\"d\":\"-1---px 0px 0px 0px \"}' data-padding-top='-1---px'><div class=\"tatsu-section-offset-wrap\"><div class=\"tatsu-row-wrap  tatsu-row-full-width tatsu-row-one-col tatsu-row-has-one-cols tatsu-zero-margin tatsu-no-gutter tatsu-eq-cols  tatsu-clearfix tatsu-fc53e6e5-04be-431b-b0c1-5e7bdd16de18\" ><div  class=\"tatsu-row \" ><div  class=\"tatsu-column  tatsu-bg-overlay tatsu-one-col tatsu-column-align-top tatsu-column-image-none tatsu-column-effect-none  tatsu-715e893e-de81-41ae-b4e6-c82708c9c0e1\" data-animation=\"zoomIn\" data-animation-delay=\"500\"  data-parallax-speed=\"0\" style=\"\"><div class=\"tatsu-column-inner \" ><div class=\"tatsu-column-pad-wrap\"><div class=\"tatsu-column-pad\" ><div  class=\"tatsu-module tatsu-text-block-wrap tatsu-rJu7DLyqm  \"><div class=\"tatsu-text-inner tatsu-align-center  clearfix\" data-animation=\"fadeIn\"  ><style>.tatsu-rJu7DLyqm.tatsu-text-block-wrap .tatsu-text-inner{width: 100%;text-align: left;}<\/style>\n<h1 style=\"text-align: center; margin-bottom: 0px;\"><span style=\"color: #ffffff;\"><span style=\"caret-color: #ffffff;\">Maison Plurielle ASBL<\/span><\/span><\/h1>\n<h4 style=\"text-align: center;\"><span style=\"text-transform: uppercase; color: #ffffff;\">LUTTE CONTRE \u00a0LA VIOLENCE CONJUGALE, INTRAFAMILIALE<br \/>\n&#038; LI\u00c9E \u00c0 L&rsquo;HONNEUR\u00a0<span style=\"font-size: 80%;\">(mariage forc\u00e9, mutilation g\u00e9nitale f\u00e9minine, \u2026)<\/span><\/span><\/h4>\n<\/div><\/div><\/div><\/div><div class = \"tatsu-column-bg-image-wrap\"><div class = \"tatsu-column-bg-image\" ><\/div><\/div><div class=\"tatsu-overlay tatsu-column-overlay tatsu-animate-none\" ><\/div><\/div><style>.tatsu-row > .tatsu-715e893e-de81-41ae-b4e6-c82708c9c0e1.tatsu-column{width: 100%;}.tatsu-715e893e-de81-41ae-b4e6-c82708c9c0e1.tatsu-column > .tatsu-column-inner > .tatsu-column-pad-wrap > .tatsu-column-pad{padding: 280px 0% 200px 0%;}.tatsu-715e893e-de81-41ae-b4e6-c82708c9c0e1.tatsu-column > .tatsu-column-inner > .tatsu-column-overlay{background: rgba(0,0,0,0.3);mix-blend-mode: none;}.tatsu-715e893e-de81-41ae-b4e6-c82708c9c0e1 > .tatsu-column-inner > .tatsu-top-divider{z-index: 9999;}.tatsu-715e893e-de81-41ae-b4e6-c82708c9c0e1 > .tatsu-column-inner > .tatsu-bottom-divider{z-index: 9999;}.tatsu-715e893e-de81-41ae-b4e6-c82708c9c0e1 > .tatsu-column-inner > .tatsu-left-divider{z-index: 9999;}.tatsu-715e893e-de81-41ae-b4e6-c82708c9c0e1 > .tatsu-column-inner > .tatsu-right-divider{z-index: 9999;}.tatsu-715e893e-de81-41ae-b4e6-c82708c9c0e1.tatsu-column{transform: translate3d(0px,0px, 0);}<\/style><\/div><\/div><\/div><\/div><\/div><div class=\"tatsu-section-background-wrap tatsu-parallax-element-wrap\"><div class = \"tatsu-section-background tatsu-parallax-element\" ><\/div><\/div><style>.tatsu-8267c6ac-d329-4908-b2ad-4d65d5d7d1e0 .tatsu-section-background{background-image: url(http:\/\/www.maisonplurielle-hebergement.be\/wp-content\/uploads\/2018\/12\/Maison-Plurielle-01-2.jpeg);background-repeat: no-repeat;background-attachment: scroll;background-position: center center;background-size: cover;}.tatsu-8267c6ac-d329-4908-b2ad-4d65d5d7d1e0 .tatsu-bg-blur{background-repeat: no-repeat;background-attachment: scroll;background-position: center center;background-size: cover;}.tatsu-8267c6ac-d329-4908-b2ad-4d65d5d7d1e0{border-width: 0px 0px px 0px;border-style: solid;}.tatsu-8267c6ac-d329-4908-b2ad-4d65d5d7d1e0 .tatsu-section-pad{padding: -1---px 0px 0px 0px ;}.tatsu-8267c6ac-d329-4908-b2ad-4d65d5d7d1e0 > .tatsu-bottom-divider{z-index: 9999;}.tatsu-8267c6ac-d329-4908-b2ad-4d65d5d7d1e0 > .tatsu-top-divider{z-index: 9999;}@media only screen and (max-width:1377px) {.tatsu-8267c6ac-d329-4908-b2ad-4d65d5d7d1e0{border-style: solid;}}@media only screen and (min-width:768px) and (max-width: 1024px) {.tatsu-8267c6ac-d329-4908-b2ad-4d65d5d7d1e0{border-style: solid;}}@media only screen and (max-width: 767px) {.tatsu-8267c6ac-d329-4908-b2ad-4d65d5d7d1e0{border-style: solid;}}<\/style><\/div><div  class=\"tatsu-foam4kojec3n6un9 tatsu-section  tatsu-parallax tatsu-section-offset   tatsu-clearfix\" data-title=\"\"  data-headerscheme=\"background--light\"><div class='tatsu-section-pad clearfix' data-padding='{\"d\":\"120px 0px 120px 0px\",\"m\":\"90px 0px 90px 0px \"}' data-padding-top='90px'><div class=\"tatsu-section-offset-wrap\"><div class=\"tatsu-row-wrap  tatsu-wrap tatsu-row-one-col tatsu-row-has-one-cols tatsu-zero-margin tatsu-no-gutter tatsu-eq-cols  tatsu-clearfix tatsu-foam4kojf1adn6ky\" ><div  class=\"tatsu-row \" ><div  class=\"tatsu-column  tatsu-one-col tatsu-column-align-top tatsu-column-image-none tatsu-column-effect-scale comptoirbtn tatsu-foam4kojffghgbef\" data-animation=\"zoomIn\" data-animation-delay=\"100\"  data-parallax-speed=\"0\" style=\"\"><div class=\"tatsu-column-inner \" ><div class=\"tatsu-column-pad-wrap\"><div class=\"tatsu-column-pad\" ><div  class=\"tatsu-module tatsu-text-block-wrap tatsu-HkWSUX-I4  \"><div class=\"tatsu-text-inner tatsu-align-center  clearfix\" data-animation=\"fadeIn\"  ><style>.tatsu-HkWSUX-I4.tatsu-text-block-wrap .tatsu-text-inner{width: 100%;text-align: left;}<\/style>\n<h5 style=\"margin-bottom: 10px; text-align: center;\">Vous devez \u00eatre connect\u00e9 pour acc\u00e9der \u00e0 l&rsquo;interface de logements.<\/h5>\n<\/div><\/div><div  class=\"tatsu-module tatsu-normal-button tatsu-button-wrap align-block block-center  tatsu-HyV6j7-8N   \"><a class=\"tatsu-shortcode blockbtn tatsu-button left-icon circular   bg-animation-none  \" href=\"http:\/\/www.maisonplurielle-hebergement.be\/?page_id=8587\" style= \"\" data-animation=\"fadeIn\"   aria-label=\"Acc\u00e8s \u00e0 l'interface de logement\" data-gdpr-atts={} ><i class=\"tatsu-icon icon-icon_lock\"><\/i>Acc\u00e8s \u00e0 l'interface de logement<\/a><style>.tatsu-HyV6j7-8N .tatsu-button{background-color: rgba(132,53,139,1);color: rgba(255,255,255,1) ;}.tatsu-HyV6j7-8N .tatsu-button:hover{background-color: rgba(63,37,63,1);}<\/style><\/div><\/div><\/div><div class = \"tatsu-column-bg-image-wrap\"><div class = \"tatsu-column-bg-image\" ><\/div><\/div><\/div><style>.tatsu-row > .tatsu-foam4kojffghgbef.tatsu-column{width: 100%;}.tatsu-foam4kojffghgbef.tatsu-column > .tatsu-column-inner{background-color: rgba(255,255,255,1);box-shadow: 0px 0px 40px 11px rgba(198,202,202,0.22);}.tatsu-foam4kojffghgbef.tatsu-column > .tatsu-column-inner > .tatsu-column-pad-wrap > .tatsu-column-pad{padding: 90px 8% 90px 8%;}.tatsu-foam4kojffghgbef.tatsu-column > .tatsu-column-inner > .tatsu-column-overlay{mix-blend-mode: none;}.tatsu-foam4kojffghgbef > .tatsu-column-inner > .tatsu-top-divider{z-index: 9999;}.tatsu-foam4kojffghgbef > .tatsu-column-inner > .tatsu-bottom-divider{z-index: 9999;}.tatsu-foam4kojffghgbef > .tatsu-column-inner > .tatsu-left-divider{z-index: 9999;}.tatsu-foam4kojffghgbef > .tatsu-column-inner > .tatsu-right-divider{z-index: 9999;}.tatsu-foam4kojffghgbef.tatsu-column{transform: translate3d(0px,0px, 0);}@media only screen and (max-width:1377px) {.tatsu-row > .tatsu-foam4kojffghgbef.tatsu-column{width: 100%;}}@media only screen and (min-width:768px) and (max-width: 1024px) {.tatsu-row > .tatsu-foam4kojffghgbef.tatsu-column{width: 100%;}}@media only screen and (max-width: 767px) {.tatsu-row > .tatsu-foam4kojffghgbef.tatsu-column{width: 100%;}}<\/style><\/div><\/div><\/div><\/div><\/div><div class=\"tatsu-section-background-wrap\"><div class = \"tatsu-section-background\" ><\/div><\/div><style>.tatsu-foam4kojec3n6un9.tatsu-section{background-color: rgba(255,255,255,1);}.tatsu-foam4kojec3n6un9{border-width: 0px 0px px 0px;border-style: solid;}.tatsu-foam4kojec3n6un9 .tatsu-section-pad{padding: 120px 0px 120px 0px;}.tatsu-foam4kojec3n6un9 > .tatsu-bottom-divider{z-index: 9999;}.tatsu-foam4kojec3n6un9 > .tatsu-top-divider{z-index: 9999;}@media only screen and (max-width:1377px) {.tatsu-foam4kojec3n6un9{border-style: solid;}}@media only screen and (min-width:768px) and (max-width: 1024px) {.tatsu-foam4kojec3n6un9{border-style: solid;}}@media only screen and (max-width: 767px) {.tatsu-foam4kojec3n6un9 .tatsu-section-pad{padding: 90px 0px 90px 0px ;}.tatsu-foam4kojec3n6un9{border-style: solid;}}<\/style><\/div>\n","protected":false},"excerpt":{"rendered":"<p><a href=\"https:\/\/www.maisonplurielle-hebergement.be\/\" class=\"more-link style1-button\">Read More<\/a><\/p>","protected":false},"author":1,"featured_media":0,"parent":0,"menu_order":0,"comment_status":"closed","ping_status":"closed","template":"","meta":{"footnotes":""},"class_list":["post-6","page","type-page","status-publish","hentry"],"_links":{"self":[{"href":"https:\/\/www.maisonplurielle-hebergement.be\/index.php?rest_route=\/wp\/v2\/pages\/6","targetHints":{"allow":["GET"]}}],"collection":[{"href":"https:\/\/www.maisonplurielle-hebergement.be\/index.php?rest_route=\/wp\/v2\/pages"}],"about":[{"href":"https:\/\/www.maisonplurielle-hebergement.be\/index.php?rest_route=\/wp\/v2\/types\/page"}],"author":[{"embeddable":true,"href":"https:\/\/www.maisonplurielle-hebergement.be\/index.php?rest_route=\/wp\/v2\/users\/1"}],"replies":[{"embeddable":true,"href":"https:\/\/www.maisonplurielle-hebergement.be\/index.php?rest_route=%2Fwp%2Fv2%2Fcomments&post=6"}],"version-history":[{"count":0,"href":"https:\/\/www.maisonplurielle-hebergement.be\/index.php?rest_route=\/wp\/v2\/pages\/6\/revisions"}],"wp:attachment":[{"href":"https:\/\/www.maisonplurielle-hebergement.be\/index.php?rest_route=%2Fwp%2Fv2%2Fmedia&parent=6"}],"curies":[{"name":"wp","href":"https:\/\/api.w.org\/{rel}","templated":true}]}}